{"id":5201,"date":"2023-05-04T18:56:22","date_gmt":"2023-05-04T18:56:22","guid":{"rendered":"https:\/\/event.roseliassociates.com\/me-cfs-symposium\/?page_id=5201"},"modified":"2023-12-08T22:57:10","modified_gmt":"2023-12-08T22:57:10","slug":"agenda","status":"publish","type":"page","link":"https:\/\/event.roseliassociates.com\/me-cfs-symposium\/agenda\/","title":{"rendered":"Agenda"},"content":{"rendered":"<p><div class=\"fusion-fullwidth fullwidth-box fusion-builder-row-1 fusion-flex-container has-pattern-background has-mask-background nonhundred-percent-fullwidth non-hundred-percent-height-scrolling\" style=\"--awb-border-radius-top-left:0px;--awb-border-radius-top-right:0px;--awb-border-radius-bottom-right:0px;--awb-border-radius-bottom-left:0px;\" ><div class=\"fusion-builder-row fusion-row fusion-flex-align-items-flex-start\" style=\"max-width:1216.8px;margin-left: calc(-4% \/ 2 );margin-right: calc(-4% \/ 2 );\"><div class=\"fusion-layout-column fusion_builder_column fusion-builder-column-0 fusion_builder_column_1_1 1_1 fusion-flex-column\" style=\"--awb-bg-size:cover;--awb-width-large:100%;--awb-margin-top-large:0px;--awb-spacing-right-large:1.92%;--awb-margin-bottom-large:20px;--awb-spacing-left-large:1.92%;--awb-width-medium:100%;--awb-order-medium:0;--awb-spacing-right-medium:1.92%;--awb-spacing-left-medium:1.92%;--awb-width-small:100%;--awb-order-small:0;--awb-spacing-right-small:1.92%;--awb-spacing-left-small:1.92%;\"><div class=\"fusion-column-wrapper fusion-column-has-shadow fusion-flex-justify-content-flex-start fusion-content-layout-column\"><div class=\"fusion-title title fusion-title-1 fusion-title-center fusion-title-text fusion-title-size-one\"><div class=\"title-sep-container title-sep-container-left\"><div class=\"title-sep sep- sep-solid\" style=\"border-color:var(--awb-color3);\"><\/div><\/div><span class=\"awb-title-spacer\"><\/span><h1 class=\"title-heading-center fusion-responsive-typography-calculated\" style=\"margin:0;text-transform:capitalize;--fontSize:60;line-height:var(--awb-typography1-line-height);\"><div style=\"text-align: center;\"><span style=\"background-color: var(--awb-bg-color); color: var(--awb-text-color); font-family: var(--h1_typography-font-family); font-size: 1em; font-style: var(--h1_typography-font-style,normal); font-weight: var(--h1_typography-font-weight); letter-spacing: var(--h1_typography-letter-spacing);\">Agenda<\/span><\/div>\n<div style=\"text-align: center; font-size: .5em;\">Symposium for Promoting the Advancement of Research Knowledge in ME\/CFS Early Career Researchers<\/div>\n<div style=\"text-align: center; font-size: .5em;\">\n<p><strong>December 11, 2023<\/strong><\/p>\n<p>Clinical Center (Building 10), FAES Classrooms 6 &amp; 7 and Terrace, NIH Campus, Bethesda, MD<\/p>\n<\/div><\/h1><span class=\"awb-title-spacer\"><\/span><div class=\"title-sep-container title-sep-container-right\"><div class=\"title-sep sep- sep-solid\" style=\"border-color:var(--awb-color3);\"><\/div><\/div><\/div><\/div><\/div><\/div><\/div><div class=\"fusion-fullwidth fullwidth-box fusion-builder-row-2 fusion-flex-container has-pattern-background has-mask-background nonhundred-percent-fullwidth non-hundred-percent-height-scrolling\" style=\"--awb-border-radius-top-left:0px;--awb-border-radius-top-right:0px;--awb-border-radius-bottom-right:0px;--awb-border-radius-bottom-left:0px;\" ><div class=\"fusion-builder-row fusion-row fusion-flex-align-items-flex-start\" style=\"max-width:1216.8px;margin-left: calc(-4% \/ 2 );margin-right: calc(-4% \/ 2 );\"><div class=\"fusion-layout-column fusion_builder_column fusion-builder-column-1 fusion_builder_column_1_1 1_1 fusion-flex-column\" style=\"--awb-bg-size:cover;--awb-width-large:100%;--awb-margin-top-large:0px;--awb-spacing-right-large:1.92%;--awb-margin-bottom-large:20px;--awb-spacing-left-large:1.92%;--awb-width-medium:100%;--awb-order-medium:0;--awb-spacing-right-medium:1.92%;--awb-spacing-left-medium:1.92%;--awb-width-small:100%;--awb-order-small:0;--awb-spacing-right-small:1.92%;--awb-spacing-left-small:1.92%;\"><div class=\"fusion-column-wrapper fusion-column-has-shadow fusion-flex-justify-content-flex-start fusion-content-layout-column\"><div class=\"fusion-text fusion-text-1\"><p><span style=\"text-decoration: underline;\"><span style=\"color: #3366ff;\"><a style=\"color: #3366ff; text-decoration: underline;\" href=\"http:\/\/event.roseliassociates.com\/me-cfs-symposium\/wp-content\/uploads\/sites\/68\/2023\/12\/SPARK-ME-Agenda-120723.pdf\" target=\"_blank\" rel=\"noopener\">Click here to download agenda<\/a><\/span><\/span><\/p>\n<p><span style=\"text-decoration: underline;\"><span style=\"color: #3366ff; text-decoration: underline;\"><a style=\"color: #3366ff; text-decoration: underline;\" href=\"https:\/\/event.roseliassociates.com\/me-cfs-symposium\/wp-content\/uploads\/sites\/68\/2023\/12\/SPARK-ME-Program-Book.pdf\" target=\"_blank\" rel=\"noopener\">Click here to download program book<\/a><\/span><\/span><\/p>\n<table>\n<tbody>\n<tr style=\"vertical-align: top;\">\n<td width=\"200\">9:00 \u2013 9:05 am<\/td>\n<td width=\"50\">\u00a0<\/td>\n<td><strong><b>Welcome<\/b><br \/><\/strong>Vicky Whittlemore, PhD \u2013 NINDS<\/td>\n<\/tr>\n<tr style=\"vertical-align: top;\">\n<td width=\"200\">9:05 \u2013 9:15 am<\/td>\n<td width=\"50\">\u00a0<\/td>\n<td><strong><b>Introduction and Welcome<\/b><br \/><\/strong>Walter Koroshetz, MD \u2013 Director, NINDS<\/td>\n<\/tr>\n<tr style=\"vertical-align: top;\">\n<td>9:15 \u2013 10:00 am<\/td>\n<td>\u00a0<\/td>\n<td>\n<p><strong><b>Building Your ME\/CFS Research Career<\/b><br \/><\/strong>Moderator: Jessica Maya, PhD \u2013 Cornell University<\/p>\n<ul>\n<li>Perspective from Brent Williams, PhD \u2013 Columbia University<\/li>\n<li>Perspective from Xiang Xu, PhD \u2013 Mt. Sinai<\/li>\n<\/ul>\n<\/td>\n<\/tr>\n<tr style=\"vertical-align: top;\">\n<td>10:00 \u2013 10:30 am<\/td>\n<td>\u00a0<\/td>\n<td>\n<p><strong><b>Overview of Grant Writing for Young\/Early Career Investigators<\/b><br \/><\/strong>Moderator: Brent Williams, PhD<\/p>\n<ul>\n<li>Vicky Whittemore, PhD \u2013 NIH\/NINDS<\/li>\n<li>Joe Breen, PhD \u2013 NIH\/NIAID<\/li>\n<\/ul>\n<\/td>\n<\/tr>\n<tr style=\"vertical-align: top;\">\n<td>10:30 \u2013 10:45 am<\/td>\n<td>\u00a0<\/td>\n<td><em>BREAK<\/em><\/td>\n<\/tr>\n<tr style=\"vertical-align: top;\">\n<td>10:45 \u2013 11:30 am<\/td>\n<td>\u00a0<\/td>\n<td>\n<p><b>Panel of ME\/CFS Non- Profit Partners<\/b><\/p>\n<p>Moderator: Agostina Casamento-Moran, PhD \u2013 Johns Hopkins University<b><br \/><\/b><\/p>\n<ul>\n<li>H. Timothy Hsiao, PhD \u2013 Solve ME\/CFS Initiative<\/li>\n<li>Jamie Seltzer \u2013 #MEAction<\/li>\n<li>Richard Simpson \u2013 Invest in ME Research<\/li>\n<li>Linda Tannenbaum \u2013 Open Medicine Foundation<\/li>\n<\/ul>\n<\/td>\n<\/tr>\n<tr style=\"vertical-align: top;\">\n<td>11:30 am \u2013 12:15 pm<\/td>\n<td>\u00a0<\/td>\n<td><b>Networking Breakout Groups<\/b><\/td>\n<\/tr>\n<tr style=\"vertical-align: top;\">\n<td>12:15 \u2013 1:15 pm<\/td>\n<td>\u00a0<\/td>\n<td><em>LUNCH\u00a0<\/em>(Sponsored by Nova Southeastern University) and <em>Poster Session<\/em><\/td>\n<\/tr>\n<tr style=\"vertical-align: top;\">\n<td>1:15 \u2013 3:00 pm<\/td>\n<td>\u00a0<\/td>\n<td><strong><b>Short Research Presentations by Young\/Early Career Investigator Participants<\/b><br \/><\/strong>Moderator: Chloe Jones, University of Alabama, Birmingham<\/td>\n<\/tr>\n<tr style=\"vertical-align: top;\">\n<td>1:15 \u2013 1:30 pm<\/td>\n<td>\u00a0<\/td>\n<td><strong><b>Developing a mouse model of myalgic encephalomyelitis<\/b><br \/><\/strong>Madeleine Uys \u2013 North-West University (Presenting via Zoom)<\/td>\n<\/tr>\n<tr style=\"vertical-align: top;\">\n<td>1:30 \u2013 1:45 pm<\/td>\n<td>\u00a0<\/td>\n<td><strong><b>Antibody Reactivity to the Intestinal Microbiome in Severe Myalgic Encephalomyelitis Patients<\/b><br \/><\/strong>Katharine Seton, PhD \u2013 Quadrum Research Institute (Presenting via Zoom)<\/td>\n<\/tr>\n<tr style=\"vertical-align: top;\">\n<td>1:45 \u2013 2:00 pm<\/td>\n<td>\u00a0<\/td>\n<td><strong><b>Identification of biomarkers for ME\/CFS from metabolites and proteins in blood<\/b><br \/><\/strong>Katie Glass, PhD \u2013 Cornell University<\/td>\n<\/tr>\n<tr style=\"vertical-align: top;\">\n<td>2:00 \u2013 2:15 pm<\/td>\n<td>\u00a0<\/td>\n<td><strong><b>Effect of Physical Exertion on CNS Oxidative Stress and Metabolism in ME\/CFS<\/b><br \/><\/strong>Nicholas Hampilos, MD \u2013 Weill Cornell Medicine<\/td>\n<\/tr>\n<tr style=\"vertical-align: top;\">\n<td>2:15 \u2013 2:30 pm<\/td>\n<td>\u00a0<\/td>\n<td><strong><b>Epigenetic Reprogramming of CD8+ T cell Populations Drives Exhaustion in Myalgic Encephalomyelitis\/Chronic Fatigue Syndrome (ME\/CFS)<\/b><br \/><\/strong>David Iu \u2013 Cornell University<\/td>\n<\/tr>\n<tr style=\"vertical-align: top;\">\n<td>2:30 \u2013 2:45 pm<\/td>\n<td>\u00a0<\/td>\n<td><strong><b>UpTime: A Digital Biomarker for ME\/CFS<\/b><br \/><\/strong>Bella Rond \u2013 Bateman Horne Center<\/td>\n<\/tr>\n<tr style=\"vertical-align: top;\">\n<td>2:45 \u2013 3:00 pm<\/td>\n<td>\u00a0<\/td>\n<td><strong><b>ME\/CFS Pathophysiology Investigated by Invasive Cardiopulmonary Exercise Test (iCPET) and Autonomic Function Testing<\/b><br \/><\/strong>Johanna Woodward Squires \u2013 Brigham &amp; Women\u2019s Hospital<\/td>\n<\/tr>\n<tr style=\"vertical-align: top;\">\n<td>3:00 \u2013 3:15 pm<\/td>\n<td>\u00a0<\/td>\n<td><em>BREAK<\/em><\/td>\n<\/tr>\n<tr style=\"vertical-align: top;\">\n<td>3:15 \u2013 4:30 pm<\/td>\n<td>\u00a0<\/td>\n<td><strong><b>Short Research Presentations by Young\/Early Career Investigator Participants<\/b><br \/><\/strong>Moderator: Katie Glass, PhD \u2013 Cornell University<\/td>\n<\/tr>\n<tr style=\"vertical-align: top;\">\n<td>3:15 \u2013 3:30 pm<\/td>\n<td>\u00a0<\/td>\n<td><strong><b>Augmentation of Anaerobic Pentose Phosphate Pathway Triggers Tetrahydrobiopterin Biosynthesis in Myalgic Encephalomyelitis\/ Chronic Fatigue Syndrome (ME\/CFS) patients with Orthostatic Intolerance: A Pilot Study<\/b><br \/><\/strong>Sarojini Bulbule \u2013 Simmaron Research Institute<\/td>\n<\/tr>\n<tr style=\"vertical-align: top;\">\n<td>3:30 \u2013 3:45 pm<\/td>\n<td>\u00a0<\/td>\n<td><strong><b>Tracking Peripheral Immune Cell Infiltration of the Brain in ME\/CFS<\/b><br \/><\/strong>Chloe Jones \u2013 University of Alabama, Birmingham<\/td>\n<\/tr>\n<tr style=\"vertical-align: top;\">\n<td>3:45 \u2013 4:00 pm<\/td>\n<td>\u00a0<\/td>\n<td><strong><b>Evidence for the contribution of hemolysis to post-exertional malaise pathophysiology in myalgic encephalomyelitis<\/b><br \/><\/strong>Atefah Moezzi \u2013 University of Montreal (Presenting via Zoom)<\/td>\n<\/tr>\n<tr style=\"vertical-align: top;\">\n<td>4:00 \u2013 4:15 pm<\/td>\n<td>\u00a0<\/td>\n<td><strong><b>Exercise capacity in myalgic encephalomyelitis\/chronic fatigue syndrome (ME\/CFS) treated with long-term pyridostigmine<\/b><br \/><\/strong>Sarra Maan Al-Zayer \u2013 Brigham &amp; Women\u2019s Hospital<\/td>\n<\/tr>\n<tr style=\"vertical-align: top;\">\n<td>4:15 \u2013 4:30 pm<\/td>\n<td>\u00a0<\/td>\n<td><strong><b>Single-cell transcriptomics of ME\/CFS circulating immune system before and after symptom provocation<\/b><br \/><\/strong>Tien Luyen Vu \u2013 Cornell University<\/td>\n<\/tr>\n<tr style=\"vertical-align: top;\">\n<td>4:30 \u2013 5:00 pm<\/td>\n<td>\u00a0<\/td>\n<td><strong><b>Young\/Early Career Investigator Network \u2013 discussion of ways the young investigators can network, collaborate across labs, countries, and continents<\/b><br \/><\/strong>Co-Moderators: Agostina Casamento-Moran, PhD \u2013 Johns Hopkins University and Karen Gim\u00e9nez-Orenga, Universidad Cat\u00f3lica de Valencia San Vicente M\u00e1rtir\/EMERG<\/td>\n<\/tr>\n<tr style=\"vertical-align: top;\">\n<td>5:00 pm<\/td>\n<td>\u00a0<\/td>\n<td>Adjourn<\/td>\n<\/tr>\n<\/tbody>\n<\/table>\n<\/div><div class=\"fusion-text fusion-text-2\" style=\"--awb-margin-top:50px;\"><p style=\"text-align: center;\"><strong>SPARK ME Workshop and ME\/CFS Conference Poster Presentations<\/strong><\/p>\n<ol>\n<li>Exercise capacity in myalgic encephalomyelitis\/chronic fatigue syndrome (ME\/CFS) treated with long-term pyridostigmine<\/li>\n<\/ol>\n<p style=\"padding-left: 40px;\">Sarra Al-Zayer; Brigham &amp; Women&#8217;s Hospital<\/p>\n<ol start=\"2\">\n<li>Circulating FGF-21 levels are associated with Myalgic Encephalomyelitis disease severity<\/li>\n<\/ol>\n<p style=\"padding-left: 40px;\">Ghazaleh Azimi; University of Montreal<\/p>\n<ol start=\"3\">\n<li>Role of soluble sphingomyelin phosphodiesterase acid-like 3B (SMPDL3B) in myalgic encephalomyelitis<\/li>\n<\/ol>\n<p style=\"padding-left: 40px;\">Rostami-Afshari Bita; University of Montreal<\/p>\n<ol start=\"4\">\n<li>Using [11C]PBR28 positron emission tomography to assess neuroinflammation in ME\/CFS and PASC<\/li>\n<\/ol>\n<p style=\"padding-left: 40px;\">Hannah Bues; Massachusetts General Hospital<\/p>\n<ol start=\"5\">\n<li>Augmentation of Anaerobic Pentose Phosphate Pathway Triggers Tetrahydrobiopterin Biosynthesis in Myalgic Encephalomyelitis\/ Chronic Fatigue Syndrome (ME\/CFS) patients with Orthostatic Intolerance: A Pilot Study<\/li>\n<\/ol>\n<p style=\"padding-left: 40px;\">Sarojini Bulbule; Simmaron Research Institute<\/p>\n<ol start=\"6\">\n<li>Understanding the Behavioral Features of Fatigue in Long COVID<\/li>\n<\/ol>\n<p style=\"padding-left: 40px;\">Agostina Casamento-Moran; Johns Hopkins University<\/p>\n<ol start=\"7\">\n<li>Comprehensive plasma metabolomic analysis in ME\/CFS with exercise tolerance test<\/li>\n<\/ol>\n<p style=\"padding-left: 40px;\">Xiaoyu (Jason) Che; Columbia University<\/p>\n<ol start=\"8\">\n<li>Participant Recruitment for ME\/CFS Research<\/li>\n<\/ol>\n<p style=\"padding-left: 40px;\">Luke Collings; Bateman Horne Center<\/p>\n<ol start=\"9\">\n<li>Comparison ofT-cell Receptor Diversity of People with\u00a0Myalgic\u00a0Encephalomyelitis versus Controls<\/li>\n<\/ol>\n<p style=\"padding-left: 40px;\">Joshua Dibble; Harvard University<\/p>\n<ol start=\"10\">\n<li>Cell-free RNA signatures of myalgic encephalomyelitis\/ chronic fatigue syndrome<\/li>\n<\/ol>\n<p style=\"padding-left: 40px;\">Anne Gardella; Cornell University<\/p>\n<ol start=\"11\">\n<li>Proteomic adjustments following induction of post-exertional malaise<\/li>\n<\/ol>\n<p style=\"padding-left: 40px;\">Arnaud Germain, Cornell University<\/p>\n<ol start=\"12\">\n<li>Extracellular vesicle protein cargo in ME\/CFS cases and controls following maximal exercise<\/li>\n<\/ol>\n<p style=\"padding-left: 40px;\">Ludovic Giloteaux; Cornell University<\/p>\n<ol start=\"13\">\n<li>HERV activation segregates ME\/CFS from fibromyalgia and patients fulfilling both clinical criteria<\/li>\n<\/ol>\n<p style=\"padding-left: 40px;\">Karen Gim\u00e9nez-Orenga, Universidad Cat\u00f3lica de Valencia San Vicente M\u00e1rtir<\/p>\n<ol start=\"14\">\n<li>Identification of four clinical subgroups of ME\/CFS patients using model-based clustering<\/li>\n<\/ol>\n<p style=\"padding-left: 40px;\">Katherine (Katie) Glass, Cornell University<\/p>\n<ol start=\"15\">\n<li>Epigenetic Reprogramming of CD8+ T cell Populations Drives Exhaustion in Myalgic Encephalomyelitis\/Chronic Fatigue Syndrome (ME\/CFS)<\/li>\n<\/ol>\n<p style=\"padding-left: 40px;\">David Iu, Cornell University<\/p>\n<ol start=\"16\">\n<li>Post-Exertional Malaise Provocation Induces Different Profiles of Cognitive Impairment in ME\/CFS<\/li>\n<\/ol>\n<p style=\"padding-left: 40px;\">Corrine Leveau; University of Montreal<\/p>\n<ol start=\"17\">\n<li>Blood brain barrier permeability is increased in ME\/CFS: an MRI study<\/li>\n<\/ol>\n<p style=\"padding-left: 40px;\">Sheryl Liu, Mt. Sinai<\/p>\n<ol start=\"18\">\n<li>Tracking Peripheral Immune Cell Infiltration of the Brain in ME\/CFS<\/li>\n<\/ol>\n<p style=\"padding-left: 40px;\">Chloe Jones; University of Alabama, Birmingham<\/p>\n<ol start=\"19\">\n<li>Investigating T cell populations for immune cell dysfunction in ME\/CFS<\/li>\n<\/ol>\n<p style=\"padding-left: 40px;\">Jessica Maya; Cornell University<\/p>\n<ol start=\"20\">\n<li>Investigating the role of iNOS in endothelial dysfunction in ME\/CFS<\/li>\n<\/ol>\n<p style=\"padding-left: 40px;\">Claire McNally; Cornell University<\/p>\n<ol start=\"21\">\n<li>Predicting Trajectories and Long-Term Sequelae in Long COVID: An Exploratory Pilot Study<\/li>\n<\/ol>\n<p style=\"padding-left: 40px;\">Diana Petre; University of Montreal<\/p>\n<ol start=\"22\">\n<li>Impact of age and sex on microbial susceptibility and immune activation in ME\/CFS<\/li>\n<\/ol>\n<p style=\"padding-left: 40px;\">Amit Ranjan; Columbia University<\/p>\n<ol start=\"23\">\n<li>UpTime: A Digital Biomarker for ME\/CFS<\/li>\n<\/ol>\n<p style=\"padding-left: 40px;\">Bella Rond; Bateman Horne Center<\/p>\n<ol start=\"24\">\n<li>Objective sleep and pupillometry measurements in participants with ME\/CFS and controls<\/li>\n<\/ol>\n<p style=\"padding-left: 40px;\">Deena Saadi; Massachusetts General Hospital<\/p>\n<ol start=\"25\">\n<li>The Role of Irisin in the Pathogenesis of Myalgic Encephalomyelitis<\/li>\n<\/ol>\n<p style=\"padding-left: 40px;\">Bernard Souma; University of Montreal<\/p>\n<ol start=\"26\">\n<li>High circulating miR-29a-3p and miR-150-5p levels are associated with vascular instabilities in myalgic encephalomyelitis<\/li>\n<\/ol>\n<p style=\"padding-left: 40px;\">Yasaman Vahdani, University of Montreal<\/p>\n<ol start=\"27\">\n<li>Single-cell transcriptomics of ME\/CFS circulating immune system before and after symptom provocation<\/li>\n<\/ol>\n<p style=\"padding-left: 40px;\">Tien Vu; Cornell University<\/p>\n<ol start=\"28\">\n<li>ME\/CFS Pathophysiology Investigated by Invasive Cardiopulmonary Exercise Test (iCPET) and Autonomic Function Testing<\/li>\n<\/ol>\n<p style=\"padding-left: 40px;\">Johanna Woodward Squires; Brigham &amp; Women\u2019s Hospital<\/p>\n<ol start=\"29\">\n<li>7T MRI showed hippocampal Subfield Volume differences in ME\/CFS and Long COVID<\/li>\n<\/ol>\n<p style=\"padding-left: 40px;\">Kiran Thapaliya; Griffith University<\/p>\n<ol start=\"30\">\n<li>A Software for Integrating Multiple Methylation Studies: Feature Selection and Classification<\/li>\n<\/ol>\n<p style=\"padding-left: 40px;\">Tao Xu; Texas Tech University<\/p>\n<ol start=\"31\">\n<li>Structural and Oxygen Metabolic Magnetic Resonance Imaging of long-COVID and ME\/CFS<\/li>\n<\/ol>\n<p style=\"padding-left: 40px;\">Xiang Xu; Mt. Sinai<\/p>\n<\/div><\/div><\/div><\/div><\/div><\/p>\n","protected":false},"excerpt":{"rendered":"","protected":false},"author":6,"featured_media":0,"parent":0,"menu_order":0,"comment_status":"closed","ping_status":"closed","template":"","meta":{"footnotes":""},"class_list":["post-5201","page","type-page","status-publish","hentry"],"aioseo_notices":[],"_links":{"self":[{"href":"https:\/\/event.roseliassociates.com\/me-cfs-symposium\/wp-json\/wp\/v2\/pages\/5201","targetHints":{"allow":["GET"]}}],"collection":[{"href":"https:\/\/event.roseliassociates.com\/me-cfs-symposium\/wp-json\/wp\/v2\/pages"}],"about":[{"href":"https:\/\/event.roseliassociates.com\/me-cfs-symposium\/wp-json\/wp\/v2\/types\/page"}],"author":[{"embeddable":true,"href":"https:\/\/event.roseliassociates.com\/me-cfs-symposium\/wp-json\/wp\/v2\/users\/6"}],"replies":[{"embeddable":true,"href":"https:\/\/event.roseliassociates.com\/me-cfs-symposium\/wp-json\/wp\/v2\/comments?post=5201"}],"version-history":[{"count":41,"href":"https:\/\/event.roseliassociates.com\/me-cfs-symposium\/wp-json\/wp\/v2\/pages\/5201\/revisions"}],"predecessor-version":[{"id":5431,"href":"https:\/\/event.roseliassociates.com\/me-cfs-symposium\/wp-json\/wp\/v2\/pages\/5201\/revisions\/5431"}],"wp:attachment":[{"href":"https:\/\/event.roseliassociates.com\/me-cfs-symposium\/wp-json\/wp\/v2\/media?parent=5201"}],"curies":[{"name":"wp","href":"https:\/\/api.w.org\/{rel}","templated":true}]}}